{"id":5402,"date":"2025-07-03T11:07:44","date_gmt":"2025-07-03T09:07:44","guid":{"rendered":"https:\/\/mdis-consulting.de\/?page_id=5402"},"modified":"2026-04-21T13:46:41","modified_gmt":"2026-04-21T11:46:41","slug":"legal-notice","status":"publish","type":"page","link":"https:\/\/mdis-consulting.de\/en\/legal-notice\/","title":{"rendered":"Legal Notice"},"content":{"rendered":"\t\t<div data-elementor-type=\"wp-page\" data-elementor-id=\"5402\" class=\"elementor elementor-5402 elementor-24\" data-elementor-post-type=\"page\">\n\t\t\t\t<div class=\"elementor-element elementor-element-5b2bdbb e-con-full e-flex e-con e-parent\" data-id=\"5b2bdbb\" data-element_type=\"container\" data-e-type=\"container\" data-settings=\"{&quot;background_background&quot;:&quot;classic&quot;}\">\n\t\t\t\t<div class=\"elementor-element elementor-element-c19c857 elementor-widget elementor-widget-heading\" data-id=\"c19c857\" data-element_type=\"widget\" data-e-type=\"widget\" data-widget_type=\"heading.default\">\n\t\t\t\t\t<h1 class=\"elementor-heading-title elementor-size-default\">Legal Notice<\/h1>\t\t\t\t<\/div>\n\t\t\t\t<div class=\"elementor-element elementor-element-045d5ad elementor-widget elementor-widget-heading\" data-id=\"045d5ad\" data-element_type=\"widget\" data-e-type=\"widget\" data-widget_type=\"heading.default\">\n\t\t\t\t\t<h2 class=\"elementor-heading-title elementor-size-default\">MDIS. A brand of Gro\u00df Business Group GmbH.<\/h2>\t\t\t\t<\/div>\n\t\t\t\t<\/div>\n\t\t<div class=\"elementor-element elementor-element-40240f1 e-flex e-con-boxed e-con e-parent\" data-id=\"40240f1\" data-element_type=\"container\" data-e-type=\"container\">\n\t\t\t\t\t<div class=\"e-con-inner\">\n\t\t\t\t<div class=\"elementor-element elementor-element-1752517 elementor-widget elementor-widget-heading\" data-id=\"1752517\" data-element_type=\"widget\" data-e-type=\"widget\" data-widget_type=\"heading.default\">\n\t\t\t\t\t<h3 class=\"elementor-heading-title elementor-size-default\">Information pursuant to Section 5 of the German Telemedia Act (TMG)<\/h3>\t\t\t\t<\/div>\n\t\t\t\t<div class=\"elementor-element elementor-element-8f2fe64 elementor-widget elementor-widget-heading\" data-id=\"8f2fe64\" data-element_type=\"widget\" data-e-type=\"widget\" data-widget_type=\"heading.default\">\n\t\t\t\t\t<h3 class=\"elementor-heading-title elementor-size-default\">Gro\u00df Business Group GmbH<\/h3>\t\t\t\t<\/div>\n\t\t\t\t<div class=\"elementor-element elementor-element-976ec76 elementor-widget elementor-widget-text-editor\" data-id=\"976ec76\" data-element_type=\"widget\" data-e-type=\"widget\" data-widget_type=\"text-editor.default\">\n\t\t\t\t\t\t\t\t\t<p>Stadtfeldstra\u00dfe 16<br>94330 Salching<\/p><p>Commercial register: HRB 11711<br>Register court: Straubing Local Court<\/p>\t\t\t\t\t\t\t\t<\/div>\n\t\t\t\t<div class=\"elementor-element elementor-element-abe8ee8 elementor-widget elementor-widget-heading\" data-id=\"abe8ee8\" data-element_type=\"widget\" data-e-type=\"widget\" data-widget_type=\"heading.default\">\n\t\t\t\t\t<h3 class=\"elementor-heading-title elementor-size-default\">Represented by<\/h3>\t\t\t\t<\/div>\n\t\t\t\t<div class=\"elementor-element elementor-element-bd50ca1 elementor-widget elementor-widget-text-editor\" data-id=\"bd50ca1\" data-element_type=\"widget\" data-e-type=\"widget\" data-widget_type=\"text-editor.default\">\n\t\t\t\t\t\t\t\t\t<p>Thomas Gro\u00df<\/p>\t\t\t\t\t\t\t\t<\/div>\n\t\t\t\t<div class=\"elementor-element elementor-element-9375f86 elementor-widget elementor-widget-heading\" data-id=\"9375f86\" data-element_type=\"widget\" data-e-type=\"widget\" data-widget_type=\"heading.default\">\n\t\t\t\t\t<h3 class=\"elementor-heading-title elementor-size-default\">Contact<\/h3>\t\t\t\t<\/div>\n\t\t\t\t<div class=\"elementor-element elementor-element-85ba7ff elementor-widget elementor-widget-text-editor\" data-id=\"85ba7ff\" data-element_type=\"widget\" data-e-type=\"widget\" data-widget_type=\"text-editor.default\">\n\t\t\t\t\t\t\t\t\t<p>Phone: +49 9421 96363-00<br>Email: kontakt@mdis-consulting.de<\/p>\t\t\t\t\t\t\t\t<\/div>\n\t\t\t\t<div class=\"elementor-element elementor-element-2997f4f elementor-widget elementor-widget-heading\" data-id=\"2997f4f\" data-element_type=\"widget\" data-e-type=\"widget\" data-widget_type=\"heading.default\">\n\t\t\t\t\t<h3 class=\"elementor-heading-title elementor-size-default\">VAT ID<\/h3>\t\t\t\t<\/div>\n\t\t\t\t<div class=\"elementor-element elementor-element-cc5cc5d elementor-widget elementor-widget-text-editor\" data-id=\"cc5cc5d\" data-element_type=\"widget\" data-e-type=\"widget\" data-widget_type=\"text-editor.default\">\n\t\t\t\t\t\t\t\t\t<p>VAT identification number pursuant to Section 27a of the German VAT Act:<br>DE 278 996 663<\/p>\t\t\t\t\t\t\t\t<\/div>\n\t\t\t\t\t<\/div>\n\t\t\t\t<\/div>\n\t\t\t\t<\/div>\n\t\t","protected":false},"excerpt":{"rendered":"<p>Legal Notice MDIS. A brand of Gro\u00df Business Group GmbH. Information pursuant to Section 5 of the German Telemedia Act (TMG) Gro\u00df Business Group GmbH Stadtfeldstra\u00dfe 16 94330 Salching Commercial [&hellip;]<\/p>\n","protected":false},"author":1,"featured_media":0,"parent":0,"menu_order":9,"comment_status":"closed","ping_status":"closed","template":"","meta":{"content-type":"","inline_featured_image":false,"footnotes":""},"class_list":["post-5402","page","type-page","status-publish","hentry"],"yoast_head":"<!-- This site is optimized with the Yoast SEO plugin v27.4 - https:\/\/yoast.com\/product\/yoast-seo-wordpress\/ -->\n<title>Legal Notice - MDIS<\/title>\n<meta name=\"description\" content=\"Legal information about Gro\u00df Business Group GmbH \u2013 address, commercial register, contact details \u2013 all information transparently at a glance.\" \/>\n<meta name=\"robots\" content=\"index, follow, max-snippet:-1, max-image-preview:large, max-video-preview:-1\" \/>\n<link rel=\"canonical\" href=\"https:\/\/mdis-consulting.de\/en\/legal-notice\/\" \/>\n<meta property=\"og:locale\" content=\"en_US\" \/>\n<meta property=\"og:type\" content=\"article\" \/>\n<meta property=\"og:title\" content=\"Legal Notice - MDIS\" \/>\n<meta property=\"og:description\" content=\"Legal information about Gro\u00df Business Group GmbH \u2013 address, commercial register, contact details \u2013 all information transparently at a glance.\" \/>\n<meta property=\"og:url\" content=\"https:\/\/mdis-consulting.de\/en\/legal-notice\/\" \/>\n<meta property=\"og:site_name\" content=\"MDIS\" \/>\n<meta property=\"article:modified_time\" content=\"2026-04-21T11:46:41+00:00\" \/>\n<meta name=\"twitter:card\" content=\"summary_large_image\" \/>\n<meta name=\"twitter:label1\" content=\"Est. reading time\" \/>\n\t<meta name=\"twitter:data1\" content=\"1 minute\" \/>\n<script type=\"application\/ld+json\" class=\"yoast-schema-graph\">{\"@context\":\"https:\\\/\\\/schema.org\",\"@graph\":[{\"@type\":\"WebPage\",\"@id\":\"https:\\\/\\\/mdis-consulting.de\\\/en\\\/legal-notice\\\/\",\"url\":\"https:\\\/\\\/mdis-consulting.de\\\/en\\\/legal-notice\\\/\",\"name\":\"Legal Notice - MDIS\",\"isPartOf\":{\"@id\":\"https:\\\/\\\/mdis-consulting.de\\\/en\\\/#website\"},\"datePublished\":\"2025-07-03T09:07:44+00:00\",\"dateModified\":\"2026-04-21T11:46:41+00:00\",\"description\":\"Legal information about Gro\u00df Business Group GmbH \u2013 address, commercial register, contact details \u2013 all information transparently at a glance.\",\"breadcrumb\":{\"@id\":\"https:\\\/\\\/mdis-consulting.de\\\/en\\\/legal-notice\\\/#breadcrumb\"},\"inLanguage\":\"en-US\",\"potentialAction\":[{\"@type\":\"ReadAction\",\"target\":[\"https:\\\/\\\/mdis-consulting.de\\\/en\\\/legal-notice\\\/\"]}]},{\"@type\":\"BreadcrumbList\",\"@id\":\"https:\\\/\\\/mdis-consulting.de\\\/en\\\/legal-notice\\\/#breadcrumb\",\"itemListElement\":[{\"@type\":\"ListItem\",\"position\":1,\"name\":\"Startseite\",\"item\":\"https:\\\/\\\/mdis-consulting.de\\\/en\\\/home\\\/\"},{\"@type\":\"ListItem\",\"position\":2,\"name\":\"Legal Notice\"}]},{\"@type\":\"WebSite\",\"@id\":\"https:\\\/\\\/mdis-consulting.de\\\/en\\\/#website\",\"url\":\"https:\\\/\\\/mdis-consulting.de\\\/en\\\/\",\"name\":\"MDIS\",\"description\":\"Business Solutions. Next Level.\",\"potentialAction\":[{\"@type\":\"SearchAction\",\"target\":{\"@type\":\"EntryPoint\",\"urlTemplate\":\"https:\\\/\\\/mdis-consulting.de\\\/en\\\/?s={search_term_string}\"},\"query-input\":{\"@type\":\"PropertyValueSpecification\",\"valueRequired\":true,\"valueName\":\"search_term_string\"}}],\"inLanguage\":\"en-US\"}]}<\/script>\n<!-- \/ Yoast SEO plugin. -->","yoast_head_json":{"title":"Legal Notice - MDIS","description":"Legal information about Gro\u00df Business Group GmbH \u2013 address, commercial register, contact details \u2013 all information transparently at a glance.","robots":{"index":"index","follow":"follow","max-snippet":"max-snippet:-1","max-image-preview":"max-image-preview:large","max-video-preview":"max-video-preview:-1"},"canonical":"https:\/\/mdis-consulting.de\/en\/legal-notice\/","og_locale":"en_US","og_type":"article","og_title":"Legal Notice - MDIS","og_description":"Legal information about Gro\u00df Business Group GmbH \u2013 address, commercial register, contact details \u2013 all information transparently at a glance.","og_url":"https:\/\/mdis-consulting.de\/en\/legal-notice\/","og_site_name":"MDIS","article_modified_time":"2026-04-21T11:46:41+00:00","twitter_card":"summary_large_image","twitter_misc":{"Est. reading time":"1 minute"},"schema":{"@context":"https:\/\/schema.org","@graph":[{"@type":"WebPage","@id":"https:\/\/mdis-consulting.de\/en\/legal-notice\/","url":"https:\/\/mdis-consulting.de\/en\/legal-notice\/","name":"Legal Notice - MDIS","isPartOf":{"@id":"https:\/\/mdis-consulting.de\/en\/#website"},"datePublished":"2025-07-03T09:07:44+00:00","dateModified":"2026-04-21T11:46:41+00:00","description":"Legal information about Gro\u00df Business Group GmbH \u2013 address, commercial register, contact details \u2013 all information transparently at a glance.","breadcrumb":{"@id":"https:\/\/mdis-consulting.de\/en\/legal-notice\/#breadcrumb"},"inLanguage":"en-US","potentialAction":[{"@type":"ReadAction","target":["https:\/\/mdis-consulting.de\/en\/legal-notice\/"]}]},{"@type":"BreadcrumbList","@id":"https:\/\/mdis-consulting.de\/en\/legal-notice\/#breadcrumb","itemListElement":[{"@type":"ListItem","position":1,"name":"Startseite","item":"https:\/\/mdis-consulting.de\/en\/home\/"},{"@type":"ListItem","position":2,"name":"Legal Notice"}]},{"@type":"WebSite","@id":"https:\/\/mdis-consulting.de\/en\/#website","url":"https:\/\/mdis-consulting.de\/en\/","name":"MDIS","description":"Business Solutions. Next Level.","potentialAction":[{"@type":"SearchAction","target":{"@type":"EntryPoint","urlTemplate":"https:\/\/mdis-consulting.de\/en\/?s={search_term_string}"},"query-input":{"@type":"PropertyValueSpecification","valueRequired":true,"valueName":"search_term_string"}}],"inLanguage":"en-US"}]}},"_links":{"self":[{"href":"https:\/\/mdis-consulting.de\/en\/wp-json\/wp\/v2\/pages\/5402","targetHints":{"allow":["GET"]}}],"collection":[{"href":"https:\/\/mdis-consulting.de\/en\/wp-json\/wp\/v2\/pages"}],"about":[{"href":"https:\/\/mdis-consulting.de\/en\/wp-json\/wp\/v2\/types\/page"}],"author":[{"embeddable":true,"href":"https:\/\/mdis-consulting.de\/en\/wp-json\/wp\/v2\/users\/1"}],"replies":[{"embeddable":true,"href":"https:\/\/mdis-consulting.de\/en\/wp-json\/wp\/v2\/comments?post=5402"}],"version-history":[{"count":3,"href":"https:\/\/mdis-consulting.de\/en\/wp-json\/wp\/v2\/pages\/5402\/revisions"}],"predecessor-version":[{"id":5405,"href":"https:\/\/mdis-consulting.de\/en\/wp-json\/wp\/v2\/pages\/5402\/revisions\/5405"}],"wp:attachment":[{"href":"https:\/\/mdis-consulting.de\/en\/wp-json\/wp\/v2\/media?parent=5402"}],"curies":[{"name":"wp","href":"https:\/\/api.w.org\/{rel}","templated":true}]}}